{"id":2905,"date":"2016-11-29T11:06:45","date_gmt":"2016-11-29T11:06:45","guid":{"rendered":"https:\/\/oceanwp.org\/stylish\/?page_id=88"},"modified":"2025-08-01T05:01:42","modified_gmt":"2025-08-01T03:01:42","slug":"blog-2","status":"publish","type":"page","link":"https:\/\/masgraffiti.fr\/?page_id=2905","title":{"rendered":"Blog"},"content":{"rendered":"","protected":false},"excerpt":{"rendered":"","protected":false},"author":1,"featured_media":2858,"parent":0,"menu_order":0,"comment_status":"closed","ping_status":"closed","template":"","meta":{"_themeisle_gutenberg_block_has_review":false,"footnotes":""},"class_list":["post-2905","page","type-page","status-publish","has-post-thumbnail","hentry"],"yoast_head":"<!-- This site is optimized with the Yoast SEO plugin v27.4 - https:\/\/yoast.com\/product\/yoast-seo-wordpress\/ -->\n<title>Travaux street art graffiti graffeur Bordeaux France Blog - M\u00e0s artiste muraliste street art Bordeaux<\/title>\n<meta name=\"description\" content=\"Parcourez les fresques murales et \u0153uvres de Mas, graffeur \u00e0 Bordeaux. Un portfolio riche en projets artistiques, urbains et sur commande.\" \/>\n<meta name=\"robots\" content=\"index, follow, max-snippet:-1, max-image-preview:large, max-video-preview:-1\" \/>\n<link rel=\"canonical\" href=\"https:\/\/masgraffiti.fr\/?page_id=2905\" \/>\n<meta property=\"og:locale\" content=\"fr_FR\" \/>\n<meta property=\"og:type\" content=\"article\" \/>\n<meta property=\"og:title\" content=\"Travaux street art graffiti graffeur Bordeaux France Blog - M\u00e0s artiste muraliste street art Bordeaux\" \/>\n<meta property=\"og:description\" content=\"Parcourez les fresques murales et \u0153uvres de Mas, graffeur \u00e0 Bordeaux. Un portfolio riche en projets artistiques, urbains et sur commande.\" \/>\n<meta property=\"og:url\" content=\"https:\/\/masgraffiti.fr\/?page_id=2905\" \/>\n<meta property=\"og:site_name\" content=\"M\u00e0s artiste muraliste street art Bordeaux\" \/>\n<meta property=\"article:modified_time\" content=\"2025-08-01T03:01:42+00:00\" \/>\n<meta property=\"og:image\" content=\"https:\/\/masgraffiti.fr\/wp-content\/uploads\/2024\/11\/cropped-IMG_8240-scaled-2.jpg\" \/>\n\t<meta property=\"og:image:width\" content=\"1920\" \/>\n\t<meta property=\"og:image:height\" content=\"1079\" \/>\n\t<meta property=\"og:image:type\" content=\"image\/jpeg\" \/>\n<meta name=\"twitter:card\" content=\"summary_large_image\" \/>\n<meta name=\"twitter:label1\" content=\"Dur\u00e9e de lecture estim\u00e9e\" \/>\n\t<meta name=\"twitter:data1\" content=\"1 minute\" \/>\n<script type=\"application\/ld+json\" class=\"yoast-schema-graph\">{\"@context\":\"https:\\\/\\\/schema.org\",\"@graph\":[{\"@type\":[\"WebPage\",\"CollectionPage\"],\"@id\":\"https:\\\/\\\/masgraffiti.fr\\\/?page_id=2905\",\"url\":\"https:\\\/\\\/masgraffiti.fr\\\/?page_id=2905\",\"name\":\"Travaux street art graffiti graffeur Bordeaux France Blog - M\u00e0s artiste muraliste street art Bordeaux\",\"isPartOf\":{\"@id\":\"https:\\\/\\\/masgraffiti.fr\\\/#website\"},\"primaryImageOfPage\":{\"@id\":\"https:\\\/\\\/masgraffiti.fr\\\/?page_id=2905#primaryimage\"},\"image\":{\"@id\":\"https:\\\/\\\/masgraffiti.fr\\\/?page_id=2905#primaryimage\"},\"thumbnailUrl\":\"https:\\\/\\\/i0.wp.com\\\/masgraffiti.fr\\\/wp-content\\\/uploads\\\/2024\\\/11\\\/cropped-IMG_8240-scaled-2.jpg?fit=1920%2C1079&ssl=1\",\"datePublished\":\"2016-11-29T11:06:45+00:00\",\"dateModified\":\"2025-08-01T03:01:42+00:00\",\"description\":\"Parcourez les fresques murales et \u0153uvres de Mas, graffeur \u00e0 Bordeaux. Un portfolio riche en projets artistiques, urbains et sur commande.\",\"breadcrumb\":{\"@id\":\"https:\\\/\\\/masgraffiti.fr\\\/?page_id=2905#breadcrumb\"},\"inLanguage\":\"fr-FR\"},{\"@type\":\"ImageObject\",\"inLanguage\":\"fr-FR\",\"@id\":\"https:\\\/\\\/masgraffiti.fr\\\/?page_id=2905#primaryimage\",\"url\":\"https:\\\/\\\/i0.wp.com\\\/masgraffiti.fr\\\/wp-content\\\/uploads\\\/2024\\\/11\\\/cropped-IMG_8240-scaled-2.jpg?fit=1920%2C1079&ssl=1\",\"contentUrl\":\"https:\\\/\\\/i0.wp.com\\\/masgraffiti.fr\\\/wp-content\\\/uploads\\\/2024\\\/11\\\/cropped-IMG_8240-scaled-2.jpg?fit=1920%2C1079&ssl=1\",\"width\":1920,\"height\":1079},{\"@type\":\"BreadcrumbList\",\"@id\":\"https:\\\/\\\/masgraffiti.fr\\\/?page_id=2905#breadcrumb\",\"itemListElement\":[{\"@type\":\"ListItem\",\"position\":1,\"name\":\"Accueil\",\"item\":\"https:\\\/\\\/masgraffiti.fr\\\/\"},{\"@type\":\"ListItem\",\"position\":2,\"name\":\"Blog\"}]},{\"@type\":\"WebSite\",\"@id\":\"https:\\\/\\\/masgraffiti.fr\\\/#website\",\"url\":\"https:\\\/\\\/masgraffiti.fr\\\/\",\"name\":\"MAS GRAFFITI\",\"description\":\"fresques &amp; graffiti professionnels\",\"publisher\":{\"@id\":\"https:\\\/\\\/masgraffiti.fr\\\/#\\\/schema\\\/person\\\/654d2a3f7493805146b95cc4dc8acbd3\"},\"alternateName\":\"Mas graffeur\",\"potentialAction\":[{\"@type\":\"SearchAction\",\"target\":{\"@type\":\"EntryPoint\",\"urlTemplate\":\"https:\\\/\\\/masgraffiti.fr\\\/?s={search_term_string}\"},\"query-input\":{\"@type\":\"PropertyValueSpecification\",\"valueRequired\":true,\"valueName\":\"search_term_string\"}}],\"inLanguage\":\"fr-FR\"},{\"@type\":[\"Person\",\"Organization\"],\"@id\":\"https:\\\/\\\/masgraffiti.fr\\\/#\\\/schema\\\/person\\\/654d2a3f7493805146b95cc4dc8acbd3\",\"name\":\"MAS\",\"image\":{\"@type\":\"ImageObject\",\"inLanguage\":\"fr-FR\",\"@id\":\"https:\\\/\\\/i0.wp.com\\\/masgraffiti.fr\\\/wp-content\\\/uploads\\\/2024\\\/11\\\/Flop-3-1.png?fit=2137%2C1368&ssl=1\",\"url\":\"https:\\\/\\\/i0.wp.com\\\/masgraffiti.fr\\\/wp-content\\\/uploads\\\/2024\\\/11\\\/Flop-3-1.png?fit=2137%2C1368&ssl=1\",\"contentUrl\":\"https:\\\/\\\/i0.wp.com\\\/masgraffiti.fr\\\/wp-content\\\/uploads\\\/2024\\\/11\\\/Flop-3-1.png?fit=2137%2C1368&ssl=1\",\"width\":2137,\"height\":1368,\"caption\":\"MAS\"},\"logo\":{\"@id\":\"https:\\\/\\\/i0.wp.com\\\/masgraffiti.fr\\\/wp-content\\\/uploads\\\/2024\\\/11\\\/Flop-3-1.png?fit=2137%2C1368&ssl=1\"},\"sameAs\":[\"https:\\\/\\\/masgraffiti.fr\"]}]}<\/script>\n<!-- \/ Yoast SEO plugin. -->","yoast_head_json":{"title":"Travaux street art graffiti graffeur Bordeaux France Blog - M\u00e0s artiste muraliste street art Bordeaux","description":"Parcourez les fresques murales et \u0153uvres de Mas, graffeur \u00e0 Bordeaux. Un portfolio riche en projets artistiques, urbains et sur commande.","robots":{"index":"index","follow":"follow","max-snippet":"max-snippet:-1","max-image-preview":"max-image-preview:large","max-video-preview":"max-video-preview:-1"},"canonical":"https:\/\/masgraffiti.fr\/?page_id=2905","og_locale":"fr_FR","og_type":"article","og_title":"Travaux street art graffiti graffeur Bordeaux France Blog - M\u00e0s artiste muraliste street art Bordeaux","og_description":"Parcourez les fresques murales et \u0153uvres de Mas, graffeur \u00e0 Bordeaux. Un portfolio riche en projets artistiques, urbains et sur commande.","og_url":"https:\/\/masgraffiti.fr\/?page_id=2905","og_site_name":"M\u00e0s artiste muraliste street art Bordeaux","article_modified_time":"2025-08-01T03:01:42+00:00","og_image":[{"width":1920,"height":1079,"url":"https:\/\/masgraffiti.fr\/wp-content\/uploads\/2024\/11\/cropped-IMG_8240-scaled-2.jpg","type":"image\/jpeg"}],"twitter_card":"summary_large_image","twitter_misc":{"Dur\u00e9e de lecture estim\u00e9e":"1 minute"},"schema":{"@context":"https:\/\/schema.org","@graph":[{"@type":["WebPage","CollectionPage"],"@id":"https:\/\/masgraffiti.fr\/?page_id=2905","url":"https:\/\/masgraffiti.fr\/?page_id=2905","name":"Travaux street art graffiti graffeur Bordeaux France Blog - M\u00e0s artiste muraliste street art Bordeaux","isPartOf":{"@id":"https:\/\/masgraffiti.fr\/#website"},"primaryImageOfPage":{"@id":"https:\/\/masgraffiti.fr\/?page_id=2905#primaryimage"},"image":{"@id":"https:\/\/masgraffiti.fr\/?page_id=2905#primaryimage"},"thumbnailUrl":"https:\/\/i0.wp.com\/masgraffiti.fr\/wp-content\/uploads\/2024\/11\/cropped-IMG_8240-scaled-2.jpg?fit=1920%2C1079&ssl=1","datePublished":"2016-11-29T11:06:45+00:00","dateModified":"2025-08-01T03:01:42+00:00","description":"Parcourez les fresques murales et \u0153uvres de Mas, graffeur \u00e0 Bordeaux. Un portfolio riche en projets artistiques, urbains et sur commande.","breadcrumb":{"@id":"https:\/\/masgraffiti.fr\/?page_id=2905#breadcrumb"},"inLanguage":"fr-FR"},{"@type":"ImageObject","inLanguage":"fr-FR","@id":"https:\/\/masgraffiti.fr\/?page_id=2905#primaryimage","url":"https:\/\/i0.wp.com\/masgraffiti.fr\/wp-content\/uploads\/2024\/11\/cropped-IMG_8240-scaled-2.jpg?fit=1920%2C1079&ssl=1","contentUrl":"https:\/\/i0.wp.com\/masgraffiti.fr\/wp-content\/uploads\/2024\/11\/cropped-IMG_8240-scaled-2.jpg?fit=1920%2C1079&ssl=1","width":1920,"height":1079},{"@type":"BreadcrumbList","@id":"https:\/\/masgraffiti.fr\/?page_id=2905#breadcrumb","itemListElement":[{"@type":"ListItem","position":1,"name":"Accueil","item":"https:\/\/masgraffiti.fr\/"},{"@type":"ListItem","position":2,"name":"Blog"}]},{"@type":"WebSite","@id":"https:\/\/masgraffiti.fr\/#website","url":"https:\/\/masgraffiti.fr\/","name":"MAS GRAFFITI","description":"fresques &amp; graffiti professionnels","publisher":{"@id":"https:\/\/masgraffiti.fr\/#\/schema\/person\/654d2a3f7493805146b95cc4dc8acbd3"},"alternateName":"Mas graffeur","potentialAction":[{"@type":"SearchAction","target":{"@type":"EntryPoint","urlTemplate":"https:\/\/masgraffiti.fr\/?s={search_term_string}"},"query-input":{"@type":"PropertyValueSpecification","valueRequired":true,"valueName":"search_term_string"}}],"inLanguage":"fr-FR"},{"@type":["Person","Organization"],"@id":"https:\/\/masgraffiti.fr\/#\/schema\/person\/654d2a3f7493805146b95cc4dc8acbd3","name":"MAS","image":{"@type":"ImageObject","inLanguage":"fr-FR","@id":"https:\/\/i0.wp.com\/masgraffiti.fr\/wp-content\/uploads\/2024\/11\/Flop-3-1.png?fit=2137%2C1368&ssl=1","url":"https:\/\/i0.wp.com\/masgraffiti.fr\/wp-content\/uploads\/2024\/11\/Flop-3-1.png?fit=2137%2C1368&ssl=1","contentUrl":"https:\/\/i0.wp.com\/masgraffiti.fr\/wp-content\/uploads\/2024\/11\/Flop-3-1.png?fit=2137%2C1368&ssl=1","width":2137,"height":1368,"caption":"MAS"},"logo":{"@id":"https:\/\/i0.wp.com\/masgraffiti.fr\/wp-content\/uploads\/2024\/11\/Flop-3-1.png?fit=2137%2C1368&ssl=1"},"sameAs":["https:\/\/masgraffiti.fr"]}]}},"jetpack_sharing_enabled":true,"_links":{"self":[{"href":"https:\/\/masgraffiti.fr\/index.php?rest_route=\/wp\/v2\/pages\/2905","targetHints":{"allow":["GET"]}}],"collection":[{"href":"https:\/\/masgraffiti.fr\/index.php?rest_route=\/wp\/v2\/pages"}],"about":[{"href":"https:\/\/masgraffiti.fr\/index.php?rest_route=\/wp\/v2\/types\/page"}],"author":[{"embeddable":true,"href":"https:\/\/masgraffiti.fr\/index.php?rest_route=\/wp\/v2\/users\/1"}],"replies":[{"embeddable":true,"href":"https:\/\/masgraffiti.fr\/index.php?rest_route=%2Fwp%2Fv2%2Fcomments&post=2905"}],"version-history":[{"count":1,"href":"https:\/\/masgraffiti.fr\/index.php?rest_route=\/wp\/v2\/pages\/2905\/revisions"}],"predecessor-version":[{"id":3695,"href":"https:\/\/masgraffiti.fr\/index.php?rest_route=\/wp\/v2\/pages\/2905\/revisions\/3695"}],"wp:featuredmedia":[{"embeddable":true,"href":"https:\/\/masgraffiti.fr\/index.php?rest_route=\/wp\/v2\/media\/2858"}],"wp:attachment":[{"href":"https:\/\/masgraffiti.fr\/index.php?rest_route=%2Fwp%2Fv2%2Fmedia&parent=2905"}],"curies":[{"name":"wp","href":"https:\/\/api.w.org\/{rel}","templated":true}]}}