{"id":3057,"date":"2025-06-06T22:01:18","date_gmt":"2025-06-06T20:01:18","guid":{"rendered":"https:\/\/masgraffiti.fr\/?page_id=3057"},"modified":"2025-08-01T07:53:02","modified_gmt":"2025-08-01T05:53:02","slug":"panier","status":"publish","type":"page","link":"https:\/\/masgraffiti.fr\/?page_id=3057","title":{"rendered":"Panier"},"content":{"rendered":"\r\n<div data-block-name=\"woocommerce\/cart\" class=\"wp-block-woocommerce-cart alignwide is-loading\">\r\n<div data-block-name=\"woocommerce\/filled-cart-block\" class=\"wp-block-woocommerce-filled-cart-block\">\r\n<div data-block-name=\"woocommerce\/cart-items-block\" class=\"wp-block-woocommerce-cart-items-block\">\r\n<div data-block-name=\"woocommerce\/cart-line-items-block\" class=\"wp-block-woocommerce-cart-line-items-block\"><\/div>\r\n\r\n\r\n\r\n<div data-block-name=\"woocommerce\/cart-cross-sells-block\" class=\"wp-block-woocommerce-cart-cross-sells-block\">\r\n<h2 class=\"wp-block-heading has-large-font-size\">\u00c7a peut vous int\u00e9resser&#8230;<\/h2>\r\n\r\n\r\n\r\n<div data-block-name=\"woocommerce\/cart-cross-sells-products-block\" class=\"wp-block-woocommerce-cart-cross-sells-products-block\"><\/div>\r\n<\/div>\r\n<\/div>\r\n\r\n\r\n\r\n<div data-block-name=\"woocommerce\/cart-totals-block\" class=\"wp-block-woocommerce-cart-totals-block\">\r\n<div data-block-name=\"woocommerce\/cart-order-summary-block\" class=\"wp-block-woocommerce-cart-order-summary-block\">\r\n<div data-block-name=\"woocommerce\/cart-order-summary-heading-block\" class=\"wp-block-woocommerce-cart-order-summary-heading-block\"><\/div>\r\n\r\n\r\n\r\n<div data-block-name=\"woocommerce\/cart-order-summary-coupon-form-block\" class=\"wp-block-woocommerce-cart-order-summary-coupon-form-block\"><\/div>\r\n\r\n\r\n\r\n\r\n\r\n\r\n\r\n\r\n\r\n\r\n\r\n\r\n\r\n\r\n\r\n\r\n\r\n\r\n\r\n<div data-block-name=\"woocommerce\/cart-order-summary-totals-block\" class=\"wp-block-woocommerce-cart-order-summary-totals-block\">\n<div data-block-name=\"woocommerce\/cart-order-summary-subtotal-block\" class=\"wp-block-woocommerce-cart-order-summary-subtotal-block\"><\/div>\n<div data-block-name=\"woocommerce\/cart-order-summary-discount-block\" class=\"wp-block-woocommerce-cart-order-summary-discount-block\"><\/div>\n<div data-block-name=\"woocommerce\/cart-order-summary-fee-block\" class=\"wp-block-woocommerce-cart-order-summary-fee-block\"><\/div>\n<div data-block-name=\"woocommerce\/cart-order-summary-shipping-block\" class=\"wp-block-woocommerce-cart-order-summary-shipping-block\"><\/div>\n<div data-block-name=\"woocommerce\/cart-order-summary-taxes-block\" class=\"wp-block-woocommerce-cart-order-summary-taxes-block\"><\/div><\/div>\r\n<\/div>\r\n\r\n\r\n\r\n<div data-block-name=\"woocommerce-paypal-payments\/cart-paylater-messages\" data-pp-placement=\"cart\" data-pp-style-layout=\"text\" data-pp-style-logo-position=\"left\" data-pp-style-logo-type=\"inline\" data-pp-style-text-color=\"black\" data-pp-style-text-size=\"12\" id=\"ppcp-cart-paylater-messages\" class=\"ppcp-messages\" data-partner-attribution-id=\"Woo_PPCP\"><\/div><div data-block-name=\"woocommerce\/cart-express-payment-block\" class=\"wp-block-woocommerce-cart-express-payment-block\"><\/div>\r\n\r\n\r\n\r\n<div data-block-name=\"woocommerce\/proceed-to-checkout-block\" class=\"wp-block-woocommerce-proceed-to-checkout-block\"><\/div>\r\n\r\n\r\n\r\n<div data-block-name=\"woocommerce\/cart-accepted-payment-methods-block\" class=\"wp-block-woocommerce-cart-accepted-payment-methods-block\"><\/div>\r\n<\/div>\r\n<\/div>\r\n\r\n\r\n\r\n<div data-block-name=\"woocommerce\/empty-cart-block\" class=\"wp-block-woocommerce-empty-cart-block\">\r\n<h2 class=\"wp-block-heading has-text-align-center with-empty-cart-icon wc-block-cart__empty-cart__title\">Votre panier est actuellement vide\u00a0!<\/h2>\r\n\r\n\r\n<hr class=\"wp-block-separator has-alpha-channel-opacity is-style-dots\" \/>\r\n\r\n\r\n<h2 class=\"wp-block-heading has-text-align-center\">Nouveau dans la boutique<\/h2>\r\n\r\n\r\n<div data-block-name=\"woocommerce\/product-new\" data-columns=\"4\" data-rows=\"1\" class=\"wc-block-grid wp-block-product-new wp-block-woocommerce-product-new wc-block-product-new has-4-columns\"><ul class=\"wc-block-grid__products\"><li class=\"wc-block-grid__product\">\n\t\t\t\t<a href=\"https:\/\/masgraffiti.fr\/?product=tee-shirt-mas\" class=\"wc-block-grid__product-link\">\n\t\t\t\t\t\n\t\t\t\t\t<div class=\"wc-block-grid__product-image\"><img fetchpriority=\"high\" decoding=\"async\" width=\"230\" height=\"350\" src=\"https:\/\/i0.wp.com\/masgraffiti.fr\/wp-content\/uploads\/2025\/12\/Sujet.png?resize=230%2C350&amp;ssl=1\" class=\"attachment-woocommerce_thumbnail size-woocommerce_thumbnail\" alt=\"TEE shirt Mas\" srcset=\"https:\/\/i0.wp.com\/masgraffiti.fr\/wp-content\/uploads\/2025\/12\/Sujet.png?resize=460%2C700&amp;ssl=1 460w, https:\/\/i0.wp.com\/masgraffiti.fr\/wp-content\/uploads\/2025\/12\/Sujet.png?resize=230%2C350&amp;ssl=1 230w, https:\/\/i0.wp.com\/masgraffiti.fr\/wp-content\/uploads\/2025\/12\/Sujet.png?zoom=3&amp;resize=230%2C350&amp;ssl=1 690w\" sizes=\"(max-width: 230px) 100vw, 230px\" \/><\/div>\n\t\t\t\t\t<div class=\"wc-block-grid__product-title\">TEE shirt Mas<\/div>\n\t\t\t\t<\/a>\n\t\t\t\t<div class=\"wc-block-grid__product-price price\"><span class=\"woocommerce-Price-amount amount\">25,00&nbsp;<span class=\"woocommerce-Price-currencySymbol\">&euro;<\/span><\/span><\/div>\n\t\t\t\t\n\t\t\t\t<div class=\"wp-block-button wc-block-grid__product-add-to-cart\"><a href=\"https:\/\/masgraffiti.fr\/?product=tee-shirt-mas\" aria-label=\"S\u00e9lectionner les options pour &ldquo;TEE shirt Mas&rdquo;\" data-quantity=\"1\" data-product_id=\"4069\" data-product_sku=\"\" data-price=\"25\" rel=\"nofollow\" class=\"wp-block-button__link  add_to_cart_button\">Choix des options<\/a><\/div>\n\t\t\t<\/li><li class=\"wc-block-grid__product\">\n\t\t\t\t<a href=\"https:\/\/masgraffiti.fr\/?product=soldier\" class=\"wc-block-grid__product-link\">\n\t\t\t\t\t\n\t\t\t\t\t<div class=\"wc-block-grid__product-image\"><img decoding=\"async\" width=\"230\" height=\"350\" src=\"https:\/\/i0.wp.com\/masgraffiti.fr\/wp-content\/uploads\/2025\/08\/IMG_1457.jpeg?resize=230%2C350&amp;ssl=1\" class=\"attachment-woocommerce_thumbnail size-woocommerce_thumbnail\" alt=\"Soldier\" srcset=\"https:\/\/i0.wp.com\/masgraffiti.fr\/wp-content\/uploads\/2025\/08\/IMG_1457.jpeg?resize=460%2C700&amp;ssl=1 460w, https:\/\/i0.wp.com\/masgraffiti.fr\/wp-content\/uploads\/2025\/08\/IMG_1457.jpeg?resize=230%2C350&amp;ssl=1 230w, https:\/\/i0.wp.com\/masgraffiti.fr\/wp-content\/uploads\/2025\/08\/IMG_1457.jpeg?zoom=3&amp;resize=230%2C350&amp;ssl=1 690w\" sizes=\"(max-width: 230px) 100vw, 230px\" \/><\/div>\n\t\t\t\t\t<div class=\"wc-block-grid__product-title\">Soldier<\/div>\n\t\t\t\t<\/a>\n\t\t\t\t<div class=\"wc-block-grid__product-price price\"><span class=\"woocommerce-Price-amount amount\">25,00&nbsp;<span class=\"woocommerce-Price-currencySymbol\">&euro;<\/span><\/span><\/div>\n\t\t\t\t\n\t\t\t\t<div class=\"wp-block-button wc-block-grid__product-add-to-cart\"><a href=\"https:\/\/masgraffiti.fr\/?product=soldier\" aria-label=\"S\u00e9lectionner les options pour &ldquo;Soldier&rdquo;\" data-quantity=\"1\" data-product_id=\"3899\" data-product_sku=\"\" data-price=\"25\" rel=\"nofollow\" class=\"wp-block-button__link  add_to_cart_button\">Choix des options<\/a><\/div>\n\t\t\t<\/li><li class=\"wc-block-grid__product\">\n\t\t\t\t<a href=\"https:\/\/masgraffiti.fr\/?product=still-on-the-run\" class=\"wc-block-grid__product-link\">\n\t\t\t\t\t\n\t\t\t\t\t<div class=\"wc-block-grid__product-image\"><img decoding=\"async\" width=\"230\" height=\"350\" src=\"https:\/\/i0.wp.com\/masgraffiti.fr\/wp-content\/uploads\/2025\/08\/IMG_1136.jpeg?resize=230%2C350&amp;ssl=1\" class=\"attachment-woocommerce_thumbnail size-woocommerce_thumbnail\" alt=\"STILL ON THE RUN\u00a0\" srcset=\"https:\/\/i0.wp.com\/masgraffiti.fr\/wp-content\/uploads\/2025\/08\/IMG_1136.jpeg?resize=460%2C700&amp;ssl=1 460w, https:\/\/i0.wp.com\/masgraffiti.fr\/wp-content\/uploads\/2025\/08\/IMG_1136.jpeg?resize=230%2C350&amp;ssl=1 230w, https:\/\/i0.wp.com\/masgraffiti.fr\/wp-content\/uploads\/2025\/08\/IMG_1136.jpeg?zoom=3&amp;resize=230%2C350&amp;ssl=1 690w\" sizes=\"(max-width: 230px) 100vw, 230px\" \/><\/div>\n\t\t\t\t\t<div class=\"wc-block-grid__product-title\">STILL ON THE RUN\u00a0<\/div>\n\t\t\t\t<\/a>\n\t\t\t\t<div class=\"wc-block-grid__product-price price\"><span class=\"woocommerce-Price-amount amount\">25,00&nbsp;<span class=\"woocommerce-Price-currencySymbol\">&euro;<\/span><\/span><\/div>\n\t\t\t\t\n\t\t\t\t<div class=\"wp-block-button wc-block-grid__product-add-to-cart\"><a href=\"https:\/\/masgraffiti.fr\/?product=still-on-the-run\" aria-label=\"S\u00e9lectionner les options pour &ldquo;STILL ON THE RUN\u00a0&rdquo;\" data-quantity=\"1\" data-product_id=\"3898\" data-product_sku=\"\u200e25\" data-price=\"25\" rel=\"nofollow\" class=\"wp-block-button__link  add_to_cart_button\">Choix des options<\/a><\/div>\n\t\t\t<\/li><li class=\"wc-block-grid__product\">\n\t\t\t\t<a href=\"https:\/\/masgraffiti.fr\/?product=3319\" class=\"wc-block-grid__product-link\">\n\t\t\t\t\t\n\t\t\t\t\t<div class=\"wc-block-grid__product-image\"><img loading=\"lazy\" decoding=\"async\" width=\"230\" height=\"350\" src=\"https:\/\/i0.wp.com\/masgraffiti.fr\/wp-content\/uploads\/2025\/06\/Capture-decran-2025-08-06-a-16.59.03.png?resize=230%2C350&amp;ssl=1\" class=\"attachment-woocommerce_thumbnail size-woocommerce_thumbnail\" alt=\"BDX\" srcset=\"https:\/\/i0.wp.com\/masgraffiti.fr\/wp-content\/uploads\/2025\/06\/Capture-decran-2025-08-06-a-16.59.03.png?resize=460%2C700&amp;ssl=1 460w, https:\/\/i0.wp.com\/masgraffiti.fr\/wp-content\/uploads\/2025\/06\/Capture-decran-2025-08-06-a-16.59.03.png?resize=230%2C350&amp;ssl=1 230w, https:\/\/i0.wp.com\/masgraffiti.fr\/wp-content\/uploads\/2025\/06\/Capture-decran-2025-08-06-a-16.59.03.png?zoom=3&amp;resize=230%2C350&amp;ssl=1 690w\" sizes=\"(max-width: 230px) 100vw, 230px\" \/><\/div>\n\t\t\t\t\t<div class=\"wc-block-grid__product-title\">BDX<\/div>\n\t\t\t\t<\/a>\n\t\t\t\t<div class=\"wc-block-grid__product-price price\"><span class=\"woocommerce-Price-amount amount\">25,00&nbsp;<span class=\"woocommerce-Price-currencySymbol\">&euro;<\/span><\/span><\/div>\n\t\t\t\t\n\t\t\t\t<div class=\"wp-block-button wc-block-grid__product-add-to-cart\"><a href=\"https:\/\/masgraffiti.fr\/?product=3319\" aria-label=\"S\u00e9lectionner les options pour &ldquo;BDX&rdquo;\" data-quantity=\"1\" data-product_id=\"3319\" data-product_sku=\"\" data-price=\"25\" rel=\"nofollow\" class=\"wp-block-button__link  add_to_cart_button\">Choix des options<\/a><\/div>\n\t\t\t<\/li><\/ul><\/div><\/div>\r\n<\/div>\r\n","protected":false},"excerpt":{"rendered":"","protected":false},"author":1,"featured_media":3046,"parent":0,"menu_order":0,"comment_status":"closed","ping_status":"closed","template":"","meta":{"_themeisle_gutenberg_block_has_review":false,"footnotes":""},"class_list":["post-3057","page","type-page","status-publish","has-post-thumbnail","hentry"],"yoast_head":"<!-- This site is optimized with the Yoast SEO plugin v27.5 - https:\/\/yoast.com\/product\/yoast-seo-wordpress\/ -->\n<title>Travaux street art graffiti graffeur Bordeaux France Panier - M\u00e0s artiste muraliste street art Bordeaux<\/title>\n<meta name=\"description\" content=\"Parcourez les fresques murales et \u0153uvres de Mas, graffeur \u00e0 Bordeaux. Un portfolio riche en projets artistiques, urbains et sur commande.\" \/>\n<meta name=\"robots\" content=\"index, follow, max-snippet:-1, max-image-preview:large, max-video-preview:-1\" \/>\n<link rel=\"canonical\" href=\"https:\/\/masgraffiti.fr\/?page_id=3057\" \/>\n<meta property=\"og:locale\" content=\"fr_FR\" \/>\n<meta property=\"og:type\" content=\"article\" \/>\n<meta property=\"og:title\" content=\"Travaux street art graffiti graffeur Bordeaux France Panier - M\u00e0s artiste muraliste street art Bordeaux\" \/>\n<meta property=\"og:description\" content=\"Parcourez les fresques murales et \u0153uvres de Mas, graffeur \u00e0 Bordeaux. Un portfolio riche en projets artistiques, urbains et sur commande.\" \/>\n<meta property=\"og:url\" content=\"https:\/\/masgraffiti.fr\/?page_id=3057\" \/>\n<meta property=\"og:site_name\" content=\"M\u00e0s artiste muraliste street art Bordeaux\" \/>\n<meta property=\"article:modified_time\" content=\"2025-08-01T05:53:02+00:00\" \/>\n<meta property=\"og:image\" content=\"https:\/\/masgraffiti.fr\/wp-content\/uploads\/2025\/06\/coucherdesoleil2-1024x661.png\" \/>\n\t<meta property=\"og:image:width\" content=\"1024\" \/>\n\t<meta property=\"og:image:height\" content=\"661\" \/>\n\t<meta property=\"og:image:type\" content=\"image\/png\" \/>\n<meta name=\"twitter:card\" content=\"summary_large_image\" \/>\n<meta name=\"twitter:label1\" content=\"Dur\u00e9e de lecture estim\u00e9e\" \/>\n\t<meta name=\"twitter:data1\" content=\"1 minute\" \/>\n<script type=\"application\/ld+json\" class=\"yoast-schema-graph\">{\"@context\":\"https:\\\/\\\/schema.org\",\"@graph\":[{\"@type\":\"WebPage\",\"@id\":\"https:\\\/\\\/masgraffiti.fr\\\/?page_id=3057\",\"url\":\"https:\\\/\\\/masgraffiti.fr\\\/?page_id=3057\",\"name\":\"Travaux street art graffiti graffeur Bordeaux France Panier - M\u00e0s artiste muraliste street art Bordeaux\",\"isPartOf\":{\"@id\":\"https:\\\/\\\/masgraffiti.fr\\\/#website\"},\"primaryImageOfPage\":{\"@id\":\"https:\\\/\\\/masgraffiti.fr\\\/?page_id=3057#primaryimage\"},\"image\":{\"@id\":\"https:\\\/\\\/masgraffiti.fr\\\/?page_id=3057#primaryimage\"},\"thumbnailUrl\":\"https:\\\/\\\/i0.wp.com\\\/masgraffiti.fr\\\/wp-content\\\/uploads\\\/2025\\\/06\\\/coucherdesoleil2-scaled.png?fit=2560%2C1651&ssl=1\",\"datePublished\":\"2025-06-06T20:01:18+00:00\",\"dateModified\":\"2025-08-01T05:53:02+00:00\",\"description\":\"Parcourez les fresques murales et \u0153uvres de Mas, graffeur \u00e0 Bordeaux. Un portfolio riche en projets artistiques, urbains et sur commande.\",\"breadcrumb\":{\"@id\":\"https:\\\/\\\/masgraffiti.fr\\\/?page_id=3057#breadcrumb\"},\"inLanguage\":\"fr-FR\",\"potentialAction\":[{\"@type\":\"ReadAction\",\"target\":[\"https:\\\/\\\/masgraffiti.fr\\\/?page_id=3057\"]}]},{\"@type\":\"ImageObject\",\"inLanguage\":\"fr-FR\",\"@id\":\"https:\\\/\\\/masgraffiti.fr\\\/?page_id=3057#primaryimage\",\"url\":\"https:\\\/\\\/i0.wp.com\\\/masgraffiti.fr\\\/wp-content\\\/uploads\\\/2025\\\/06\\\/coucherdesoleil2-scaled.png?fit=2560%2C1651&ssl=1\",\"contentUrl\":\"https:\\\/\\\/i0.wp.com\\\/masgraffiti.fr\\\/wp-content\\\/uploads\\\/2025\\\/06\\\/coucherdesoleil2-scaled.png?fit=2560%2C1651&ssl=1\",\"width\":2560,\"height\":1651},{\"@type\":\"BreadcrumbList\",\"@id\":\"https:\\\/\\\/masgraffiti.fr\\\/?page_id=3057#breadcrumb\",\"itemListElement\":[{\"@type\":\"ListItem\",\"position\":1,\"name\":\"Accueil\",\"item\":\"https:\\\/\\\/masgraffiti.fr\\\/\"},{\"@type\":\"ListItem\",\"position\":2,\"name\":\"Panier\"}]},{\"@type\":\"WebSite\",\"@id\":\"https:\\\/\\\/masgraffiti.fr\\\/#website\",\"url\":\"https:\\\/\\\/masgraffiti.fr\\\/\",\"name\":\"MAS GRAFFITI\",\"description\":\"fresques &amp; graffiti professionnels\",\"publisher\":{\"@id\":\"https:\\\/\\\/masgraffiti.fr\\\/#\\\/schema\\\/person\\\/654d2a3f7493805146b95cc4dc8acbd3\"},\"alternateName\":\"Mas graffeur\",\"potentialAction\":[{\"@type\":\"SearchAction\",\"target\":{\"@type\":\"EntryPoint\",\"urlTemplate\":\"https:\\\/\\\/masgraffiti.fr\\\/?s={search_term_string}\"},\"query-input\":{\"@type\":\"PropertyValueSpecification\",\"valueRequired\":true,\"valueName\":\"search_term_string\"}}],\"inLanguage\":\"fr-FR\"},{\"@type\":[\"Person\",\"Organization\"],\"@id\":\"https:\\\/\\\/masgraffiti.fr\\\/#\\\/schema\\\/person\\\/654d2a3f7493805146b95cc4dc8acbd3\",\"name\":\"MAS\",\"image\":{\"@type\":\"ImageObject\",\"inLanguage\":\"fr-FR\",\"@id\":\"https:\\\/\\\/i0.wp.com\\\/masgraffiti.fr\\\/wp-content\\\/uploads\\\/2024\\\/11\\\/Flop-3-1.png?fit=2137%2C1368&ssl=1\",\"url\":\"https:\\\/\\\/i0.wp.com\\\/masgraffiti.fr\\\/wp-content\\\/uploads\\\/2024\\\/11\\\/Flop-3-1.png?fit=2137%2C1368&ssl=1\",\"contentUrl\":\"https:\\\/\\\/i0.wp.com\\\/masgraffiti.fr\\\/wp-content\\\/uploads\\\/2024\\\/11\\\/Flop-3-1.png?fit=2137%2C1368&ssl=1\",\"width\":2137,\"height\":1368,\"caption\":\"MAS\"},\"logo\":{\"@id\":\"https:\\\/\\\/i0.wp.com\\\/masgraffiti.fr\\\/wp-content\\\/uploads\\\/2024\\\/11\\\/Flop-3-1.png?fit=2137%2C1368&ssl=1\"},\"sameAs\":[\"https:\\\/\\\/masgraffiti.fr\"]}]}<\/script>\n<!-- \/ Yoast SEO plugin. -->","yoast_head_json":{"title":"Travaux street art graffiti graffeur Bordeaux France Panier - M\u00e0s artiste muraliste street art Bordeaux","description":"Parcourez les fresques murales et \u0153uvres de Mas, graffeur \u00e0 Bordeaux. Un portfolio riche en projets artistiques, urbains et sur commande.","robots":{"index":"index","follow":"follow","max-snippet":"max-snippet:-1","max-image-preview":"max-image-preview:large","max-video-preview":"max-video-preview:-1"},"canonical":"https:\/\/masgraffiti.fr\/?page_id=3057","og_locale":"fr_FR","og_type":"article","og_title":"Travaux street art graffiti graffeur Bordeaux France Panier - M\u00e0s artiste muraliste street art Bordeaux","og_description":"Parcourez les fresques murales et \u0153uvres de Mas, graffeur \u00e0 Bordeaux. Un portfolio riche en projets artistiques, urbains et sur commande.","og_url":"https:\/\/masgraffiti.fr\/?page_id=3057","og_site_name":"M\u00e0s artiste muraliste street art Bordeaux","article_modified_time":"2025-08-01T05:53:02+00:00","og_image":[{"width":1024,"height":661,"url":"https:\/\/masgraffiti.fr\/wp-content\/uploads\/2025\/06\/coucherdesoleil2-1024x661.png","type":"image\/png"}],"twitter_card":"summary_large_image","twitter_misc":{"Dur\u00e9e de lecture estim\u00e9e":"1 minute"},"schema":{"@context":"https:\/\/schema.org","@graph":[{"@type":"WebPage","@id":"https:\/\/masgraffiti.fr\/?page_id=3057","url":"https:\/\/masgraffiti.fr\/?page_id=3057","name":"Travaux street art graffiti graffeur Bordeaux France Panier - M\u00e0s artiste muraliste street art Bordeaux","isPartOf":{"@id":"https:\/\/masgraffiti.fr\/#website"},"primaryImageOfPage":{"@id":"https:\/\/masgraffiti.fr\/?page_id=3057#primaryimage"},"image":{"@id":"https:\/\/masgraffiti.fr\/?page_id=3057#primaryimage"},"thumbnailUrl":"https:\/\/i0.wp.com\/masgraffiti.fr\/wp-content\/uploads\/2025\/06\/coucherdesoleil2-scaled.png?fit=2560%2C1651&ssl=1","datePublished":"2025-06-06T20:01:18+00:00","dateModified":"2025-08-01T05:53:02+00:00","description":"Parcourez les fresques murales et \u0153uvres de Mas, graffeur \u00e0 Bordeaux. Un portfolio riche en projets artistiques, urbains et sur commande.","breadcrumb":{"@id":"https:\/\/masgraffiti.fr\/?page_id=3057#breadcrumb"},"inLanguage":"fr-FR","potentialAction":[{"@type":"ReadAction","target":["https:\/\/masgraffiti.fr\/?page_id=3057"]}]},{"@type":"ImageObject","inLanguage":"fr-FR","@id":"https:\/\/masgraffiti.fr\/?page_id=3057#primaryimage","url":"https:\/\/i0.wp.com\/masgraffiti.fr\/wp-content\/uploads\/2025\/06\/coucherdesoleil2-scaled.png?fit=2560%2C1651&ssl=1","contentUrl":"https:\/\/i0.wp.com\/masgraffiti.fr\/wp-content\/uploads\/2025\/06\/coucherdesoleil2-scaled.png?fit=2560%2C1651&ssl=1","width":2560,"height":1651},{"@type":"BreadcrumbList","@id":"https:\/\/masgraffiti.fr\/?page_id=3057#breadcrumb","itemListElement":[{"@type":"ListItem","position":1,"name":"Accueil","item":"https:\/\/masgraffiti.fr\/"},{"@type":"ListItem","position":2,"name":"Panier"}]},{"@type":"WebSite","@id":"https:\/\/masgraffiti.fr\/#website","url":"https:\/\/masgraffiti.fr\/","name":"MAS GRAFFITI","description":"fresques &amp; graffiti professionnels","publisher":{"@id":"https:\/\/masgraffiti.fr\/#\/schema\/person\/654d2a3f7493805146b95cc4dc8acbd3"},"alternateName":"Mas graffeur","potentialAction":[{"@type":"SearchAction","target":{"@type":"EntryPoint","urlTemplate":"https:\/\/masgraffiti.fr\/?s={search_term_string}"},"query-input":{"@type":"PropertyValueSpecification","valueRequired":true,"valueName":"search_term_string"}}],"inLanguage":"fr-FR"},{"@type":["Person","Organization"],"@id":"https:\/\/masgraffiti.fr\/#\/schema\/person\/654d2a3f7493805146b95cc4dc8acbd3","name":"MAS","image":{"@type":"ImageObject","inLanguage":"fr-FR","@id":"https:\/\/i0.wp.com\/masgraffiti.fr\/wp-content\/uploads\/2024\/11\/Flop-3-1.png?fit=2137%2C1368&ssl=1","url":"https:\/\/i0.wp.com\/masgraffiti.fr\/wp-content\/uploads\/2024\/11\/Flop-3-1.png?fit=2137%2C1368&ssl=1","contentUrl":"https:\/\/i0.wp.com\/masgraffiti.fr\/wp-content\/uploads\/2024\/11\/Flop-3-1.png?fit=2137%2C1368&ssl=1","width":2137,"height":1368,"caption":"MAS"},"logo":{"@id":"https:\/\/i0.wp.com\/masgraffiti.fr\/wp-content\/uploads\/2024\/11\/Flop-3-1.png?fit=2137%2C1368&ssl=1"},"sameAs":["https:\/\/masgraffiti.fr"]}]}},"jetpack_sharing_enabled":true,"_links":{"self":[{"href":"https:\/\/masgraffiti.fr\/index.php?rest_route=\/wp\/v2\/pages\/3057","targetHints":{"allow":["GET"]}}],"collection":[{"href":"https:\/\/masgraffiti.fr\/index.php?rest_route=\/wp\/v2\/pages"}],"about":[{"href":"https:\/\/masgraffiti.fr\/index.php?rest_route=\/wp\/v2\/types\/page"}],"author":[{"embeddable":true,"href":"https:\/\/masgraffiti.fr\/index.php?rest_route=\/wp\/v2\/users\/1"}],"replies":[{"embeddable":true,"href":"https:\/\/masgraffiti.fr\/index.php?rest_route=%2Fwp%2Fv2%2Fcomments&post=3057"}],"version-history":[{"count":2,"href":"https:\/\/masgraffiti.fr\/index.php?rest_route=\/wp\/v2\/pages\/3057\/revisions"}],"predecessor-version":[{"id":3742,"href":"https:\/\/masgraffiti.fr\/index.php?rest_route=\/wp\/v2\/pages\/3057\/revisions\/3742"}],"wp:featuredmedia":[{"embeddable":true,"href":"https:\/\/masgraffiti.fr\/index.php?rest_route=\/wp\/v2\/media\/3046"}],"wp:attachment":[{"href":"https:\/\/masgraffiti.fr\/index.php?rest_route=%2Fwp%2Fv2%2Fmedia&parent=3057"}],"curies":[{"name":"wp","href":"https:\/\/api.w.org\/{rel}","templated":true}]}}