{"id":3899,"date":"2025-08-25T22:10:35","date_gmt":"2025-08-25T20:10:35","guid":{"rendered":"https:\/\/masgraffiti.fr\/?post_type=product&#038;p=3899"},"modified":"2026-03-28T22:29:02","modified_gmt":"2026-03-28T21:29:02","slug":"soldier","status":"publish","type":"product","link":"https:\/\/masgraffiti.fr\/?product=soldier","title":{"rendered":"Soldier"},"content":{"rendered":"<p><img data-recalc-dims=\"1\" fetchpriority=\"high\" decoding=\"async\" src=\"https:\/\/i0.wp.com\/masgraffiti.fr\/wp-content\/uploads\/2025\/08\/IMG_1457.jpeg?resize=258%2C300&#038;ssl=1\" alt=\"\" width=\"258\" height=\"300\" class=\"aligncenter size-medium wp-image-4189\" srcset=\"https:\/\/i0.wp.com\/masgraffiti.fr\/wp-content\/uploads\/2025\/08\/IMG_1457.jpeg?resize=258%2C300&amp;ssl=1 258w, https:\/\/i0.wp.com\/masgraffiti.fr\/wp-content\/uploads\/2025\/08\/IMG_1457.jpeg?resize=881%2C1024&amp;ssl=1 881w, https:\/\/i0.wp.com\/masgraffiti.fr\/wp-content\/uploads\/2025\/08\/IMG_1457.jpeg?resize=768%2C893&amp;ssl=1 768w, https:\/\/i0.wp.com\/masgraffiti.fr\/wp-content\/uploads\/2025\/08\/IMG_1457.jpeg?resize=600%2C698&amp;ssl=1 600w, https:\/\/i0.wp.com\/masgraffiti.fr\/wp-content\/uploads\/2025\/08\/IMG_1457.jpeg?w=1037&amp;ssl=1 1037w\" sizes=\"(max-width: 258px) 100vw, 258px\" \/><\/p>\n","protected":false},"excerpt":{"rendered":"","protected":false},"featured_media":4189,"comment_status":"open","ping_status":"closed","template":"","meta":{"_themeisle_gutenberg_block_has_review":false},"product_brand":[],"product_cat":[29],"product_tag":[],"class_list":{"0":"post-3899","1":"product","2":"type-product","3":"status-publish","4":"has-post-thumbnail","6":"product_cat-tee-shirt","8":"first","9":"instock","10":"taxable","11":"shipping-taxable","12":"purchasable","13":"product-type-variable"},"yoast_head":"<!-- This site is optimized with the Yoast SEO plugin v27.5 - https:\/\/yoast.com\/product\/yoast-seo-wordpress\/ -->\n<title>Mas personnalise vos objets \u00e0 Bordeaux : sneakers, skateboards, casques, mobilier et plus. Soldier - M\u00e0s artiste muraliste street art Bordeaux<\/title>\n<meta name=\"description\" content=\"Tee-shirts originaux sign\u00e9s Mas Graffiti \u00e0 Bordeaux : cr\u00e9ations en coton, s\u00e9rigraphi\u00e9es, \u00e9coresponsables et inspir\u00e9es par le street art urbain.\" \/>\n<meta name=\"robots\" content=\"index, follow, max-snippet:-1, max-image-preview:large, max-video-preview:-1\" \/>\n<link rel=\"canonical\" href=\"https:\/\/masgraffiti.fr\/?product=soldier\" \/>\n<meta property=\"og:locale\" content=\"fr_FR\" \/>\n<meta property=\"og:type\" content=\"article\" \/>\n<meta property=\"og:title\" content=\"Mas personnalise vos objets \u00e0 Bordeaux : sneakers, skateboards, casques, mobilier et plus. Soldier - M\u00e0s artiste muraliste street art Bordeaux\" \/>\n<meta property=\"og:description\" content=\"Tee-shirts originaux sign\u00e9s Mas Graffiti \u00e0 Bordeaux : cr\u00e9ations en coton, s\u00e9rigraphi\u00e9es, \u00e9coresponsables et inspir\u00e9es par le street art urbain.\" \/>\n<meta property=\"og:url\" content=\"https:\/\/masgraffiti.fr\/?product=soldier\" \/>\n<meta property=\"og:site_name\" content=\"M\u00e0s artiste muraliste street art Bordeaux\" \/>\n<meta property=\"article:modified_time\" content=\"2026-03-28T21:29:02+00:00\" \/>\n<meta property=\"og:image\" content=\"https:\/\/masgraffiti.fr\/wp-content\/uploads\/2025\/08\/IMG_1457.jpeg\" \/>\n\t<meta property=\"og:image:width\" content=\"1037\" \/>\n\t<meta property=\"og:image:height\" content=\"1206\" \/>\n\t<meta property=\"og:image:type\" content=\"image\/jpeg\" \/>\n<meta name=\"twitter:card\" content=\"summary_large_image\" \/>\n<meta name=\"twitter:label1\" content=\"Dur\u00e9e de lecture estim\u00e9e\" \/>\n\t<meta name=\"twitter:data1\" content=\"1 minute\" \/>\n<script type=\"application\/ld+json\" class=\"yoast-schema-graph\">{\"@context\":\"https:\\\/\\\/schema.org\",\"@graph\":[{\"@type\":\"WebPage\",\"@id\":\"https:\\\/\\\/masgraffiti.fr\\\/?product=soldier\",\"url\":\"https:\\\/\\\/masgraffiti.fr\\\/?product=soldier\",\"name\":\"Mas personnalise vos objets \u00e0 Bordeaux : sneakers, skateboards, casques, mobilier et plus. Soldier - M\u00e0s artiste muraliste street art Bordeaux\",\"isPartOf\":{\"@id\":\"https:\\\/\\\/masgraffiti.fr\\\/#website\"},\"primaryImageOfPage\":{\"@id\":\"https:\\\/\\\/masgraffiti.fr\\\/?product=soldier#primaryimage\"},\"image\":{\"@id\":\"https:\\\/\\\/masgraffiti.fr\\\/?product=soldier#primaryimage\"},\"thumbnailUrl\":\"https:\\\/\\\/i0.wp.com\\\/masgraffiti.fr\\\/wp-content\\\/uploads\\\/2025\\\/08\\\/IMG_1457.jpeg?fit=1037%2C1206&ssl=1\",\"datePublished\":\"2025-08-25T20:10:35+00:00\",\"dateModified\":\"2026-03-28T21:29:02+00:00\",\"description\":\"Tee-shirts originaux sign\u00e9s Mas Graffiti \u00e0 Bordeaux : cr\u00e9ations en coton, s\u00e9rigraphi\u00e9es, \u00e9coresponsables et inspir\u00e9es par le street art urbain.\",\"breadcrumb\":{\"@id\":\"https:\\\/\\\/masgraffiti.fr\\\/?product=soldier#breadcrumb\"},\"inLanguage\":\"fr-FR\",\"potentialAction\":[{\"@type\":\"ReadAction\",\"target\":[\"https:\\\/\\\/masgraffiti.fr\\\/?product=soldier\"]}]},{\"@type\":\"ImageObject\",\"inLanguage\":\"fr-FR\",\"@id\":\"https:\\\/\\\/masgraffiti.fr\\\/?product=soldier#primaryimage\",\"url\":\"https:\\\/\\\/i0.wp.com\\\/masgraffiti.fr\\\/wp-content\\\/uploads\\\/2025\\\/08\\\/IMG_1457.jpeg?fit=1037%2C1206&ssl=1\",\"contentUrl\":\"https:\\\/\\\/i0.wp.com\\\/masgraffiti.fr\\\/wp-content\\\/uploads\\\/2025\\\/08\\\/IMG_1457.jpeg?fit=1037%2C1206&ssl=1\",\"width\":1037,\"height\":1206},{\"@type\":\"BreadcrumbList\",\"@id\":\"https:\\\/\\\/masgraffiti.fr\\\/?product=soldier#breadcrumb\",\"itemListElement\":[{\"@type\":\"ListItem\",\"position\":1,\"name\":\"Accueil\",\"item\":\"https:\\\/\\\/masgraffiti.fr\\\/\"},{\"@type\":\"ListItem\",\"position\":2,\"name\":\"Boutique\",\"item\":\"https:\\\/\\\/masgraffiti.fr\\\/?page_id=3055\"},{\"@type\":\"ListItem\",\"position\":3,\"name\":\"Soldier\"}]},{\"@type\":\"WebSite\",\"@id\":\"https:\\\/\\\/masgraffiti.fr\\\/#website\",\"url\":\"https:\\\/\\\/masgraffiti.fr\\\/\",\"name\":\"MAS GRAFFITI\",\"description\":\"fresques &amp; graffiti professionnels\",\"publisher\":{\"@id\":\"https:\\\/\\\/masgraffiti.fr\\\/#\\\/schema\\\/person\\\/654d2a3f7493805146b95cc4dc8acbd3\"},\"alternateName\":\"Mas graffeur\",\"potentialAction\":[{\"@type\":\"SearchAction\",\"target\":{\"@type\":\"EntryPoint\",\"urlTemplate\":\"https:\\\/\\\/masgraffiti.fr\\\/?s={search_term_string}\"},\"query-input\":{\"@type\":\"PropertyValueSpecification\",\"valueRequired\":true,\"valueName\":\"search_term_string\"}}],\"inLanguage\":\"fr-FR\"},{\"@type\":[\"Person\",\"Organization\"],\"@id\":\"https:\\\/\\\/masgraffiti.fr\\\/#\\\/schema\\\/person\\\/654d2a3f7493805146b95cc4dc8acbd3\",\"name\":\"MAS\",\"image\":{\"@type\":\"ImageObject\",\"inLanguage\":\"fr-FR\",\"@id\":\"https:\\\/\\\/i0.wp.com\\\/masgraffiti.fr\\\/wp-content\\\/uploads\\\/2024\\\/11\\\/Flop-3-1.png?fit=2137%2C1368&ssl=1\",\"url\":\"https:\\\/\\\/i0.wp.com\\\/masgraffiti.fr\\\/wp-content\\\/uploads\\\/2024\\\/11\\\/Flop-3-1.png?fit=2137%2C1368&ssl=1\",\"contentUrl\":\"https:\\\/\\\/i0.wp.com\\\/masgraffiti.fr\\\/wp-content\\\/uploads\\\/2024\\\/11\\\/Flop-3-1.png?fit=2137%2C1368&ssl=1\",\"width\":2137,\"height\":1368,\"caption\":\"MAS\"},\"logo\":{\"@id\":\"https:\\\/\\\/i0.wp.com\\\/masgraffiti.fr\\\/wp-content\\\/uploads\\\/2024\\\/11\\\/Flop-3-1.png?fit=2137%2C1368&ssl=1\"},\"sameAs\":[\"https:\\\/\\\/masgraffiti.fr\"]}]}<\/script>\n<!-- \/ Yoast SEO plugin. -->","yoast_head_json":{"title":"Mas personnalise vos objets \u00e0 Bordeaux : sneakers, skateboards, casques, mobilier et plus. Soldier - M\u00e0s artiste muraliste street art Bordeaux","description":"Tee-shirts originaux sign\u00e9s Mas Graffiti \u00e0 Bordeaux : cr\u00e9ations en coton, s\u00e9rigraphi\u00e9es, \u00e9coresponsables et inspir\u00e9es par le street art urbain.","robots":{"index":"index","follow":"follow","max-snippet":"max-snippet:-1","max-image-preview":"max-image-preview:large","max-video-preview":"max-video-preview:-1"},"canonical":"https:\/\/masgraffiti.fr\/?product=soldier","og_locale":"fr_FR","og_type":"article","og_title":"Mas personnalise vos objets \u00e0 Bordeaux : sneakers, skateboards, casques, mobilier et plus. Soldier - M\u00e0s artiste muraliste street art Bordeaux","og_description":"Tee-shirts originaux sign\u00e9s Mas Graffiti \u00e0 Bordeaux : cr\u00e9ations en coton, s\u00e9rigraphi\u00e9es, \u00e9coresponsables et inspir\u00e9es par le street art urbain.","og_url":"https:\/\/masgraffiti.fr\/?product=soldier","og_site_name":"M\u00e0s artiste muraliste street art Bordeaux","article_modified_time":"2026-03-28T21:29:02+00:00","og_image":[{"width":1037,"height":1206,"url":"https:\/\/masgraffiti.fr\/wp-content\/uploads\/2025\/08\/IMG_1457.jpeg","type":"image\/jpeg"}],"twitter_card":"summary_large_image","twitter_misc":{"Dur\u00e9e de lecture estim\u00e9e":"1 minute"},"schema":{"@context":"https:\/\/schema.org","@graph":[{"@type":"WebPage","@id":"https:\/\/masgraffiti.fr\/?product=soldier","url":"https:\/\/masgraffiti.fr\/?product=soldier","name":"Mas personnalise vos objets \u00e0 Bordeaux : sneakers, skateboards, casques, mobilier et plus. Soldier - M\u00e0s artiste muraliste street art Bordeaux","isPartOf":{"@id":"https:\/\/masgraffiti.fr\/#website"},"primaryImageOfPage":{"@id":"https:\/\/masgraffiti.fr\/?product=soldier#primaryimage"},"image":{"@id":"https:\/\/masgraffiti.fr\/?product=soldier#primaryimage"},"thumbnailUrl":"https:\/\/i0.wp.com\/masgraffiti.fr\/wp-content\/uploads\/2025\/08\/IMG_1457.jpeg?fit=1037%2C1206&ssl=1","datePublished":"2025-08-25T20:10:35+00:00","dateModified":"2026-03-28T21:29:02+00:00","description":"Tee-shirts originaux sign\u00e9s Mas Graffiti \u00e0 Bordeaux : cr\u00e9ations en coton, s\u00e9rigraphi\u00e9es, \u00e9coresponsables et inspir\u00e9es par le street art urbain.","breadcrumb":{"@id":"https:\/\/masgraffiti.fr\/?product=soldier#breadcrumb"},"inLanguage":"fr-FR","potentialAction":[{"@type":"ReadAction","target":["https:\/\/masgraffiti.fr\/?product=soldier"]}]},{"@type":"ImageObject","inLanguage":"fr-FR","@id":"https:\/\/masgraffiti.fr\/?product=soldier#primaryimage","url":"https:\/\/i0.wp.com\/masgraffiti.fr\/wp-content\/uploads\/2025\/08\/IMG_1457.jpeg?fit=1037%2C1206&ssl=1","contentUrl":"https:\/\/i0.wp.com\/masgraffiti.fr\/wp-content\/uploads\/2025\/08\/IMG_1457.jpeg?fit=1037%2C1206&ssl=1","width":1037,"height":1206},{"@type":"BreadcrumbList","@id":"https:\/\/masgraffiti.fr\/?product=soldier#breadcrumb","itemListElement":[{"@type":"ListItem","position":1,"name":"Accueil","item":"https:\/\/masgraffiti.fr\/"},{"@type":"ListItem","position":2,"name":"Boutique","item":"https:\/\/masgraffiti.fr\/?page_id=3055"},{"@type":"ListItem","position":3,"name":"Soldier"}]},{"@type":"WebSite","@id":"https:\/\/masgraffiti.fr\/#website","url":"https:\/\/masgraffiti.fr\/","name":"MAS GRAFFITI","description":"fresques &amp; graffiti professionnels","publisher":{"@id":"https:\/\/masgraffiti.fr\/#\/schema\/person\/654d2a3f7493805146b95cc4dc8acbd3"},"alternateName":"Mas graffeur","potentialAction":[{"@type":"SearchAction","target":{"@type":"EntryPoint","urlTemplate":"https:\/\/masgraffiti.fr\/?s={search_term_string}"},"query-input":{"@type":"PropertyValueSpecification","valueRequired":true,"valueName":"search_term_string"}}],"inLanguage":"fr-FR"},{"@type":["Person","Organization"],"@id":"https:\/\/masgraffiti.fr\/#\/schema\/person\/654d2a3f7493805146b95cc4dc8acbd3","name":"MAS","image":{"@type":"ImageObject","inLanguage":"fr-FR","@id":"https:\/\/i0.wp.com\/masgraffiti.fr\/wp-content\/uploads\/2024\/11\/Flop-3-1.png?fit=2137%2C1368&ssl=1","url":"https:\/\/i0.wp.com\/masgraffiti.fr\/wp-content\/uploads\/2024\/11\/Flop-3-1.png?fit=2137%2C1368&ssl=1","contentUrl":"https:\/\/i0.wp.com\/masgraffiti.fr\/wp-content\/uploads\/2024\/11\/Flop-3-1.png?fit=2137%2C1368&ssl=1","width":2137,"height":1368,"caption":"MAS"},"logo":{"@id":"https:\/\/i0.wp.com\/masgraffiti.fr\/wp-content\/uploads\/2024\/11\/Flop-3-1.png?fit=2137%2C1368&ssl=1"},"sameAs":["https:\/\/masgraffiti.fr"]}]}},"jetpack_sharing_enabled":true,"_links":{"self":[{"href":"https:\/\/masgraffiti.fr\/index.php?rest_route=\/wp\/v2\/product\/3899","targetHints":{"allow":["GET"]}}],"collection":[{"href":"https:\/\/masgraffiti.fr\/index.php?rest_route=\/wp\/v2\/product"}],"about":[{"href":"https:\/\/masgraffiti.fr\/index.php?rest_route=\/wp\/v2\/types\/product"}],"replies":[{"embeddable":true,"href":"https:\/\/masgraffiti.fr\/index.php?rest_route=%2Fwp%2Fv2%2Fcomments&post=3899"}],"wp:featuredmedia":[{"embeddable":true,"href":"https:\/\/masgraffiti.fr\/index.php?rest_route=\/wp\/v2\/media\/4189"}],"wp:attachment":[{"href":"https:\/\/masgraffiti.fr\/index.php?rest_route=%2Fwp%2Fv2%2Fmedia&parent=3899"}],"wp:term":[{"taxonomy":"product_brand","embeddable":true,"href":"https:\/\/masgraffiti.fr\/index.php?rest_route=%2Fwp%2Fv2%2Fproduct_brand&post=3899"},{"taxonomy":"product_cat","embeddable":true,"href":"https:\/\/masgraffiti.fr\/index.php?rest_route=%2Fwp%2Fv2%2Fproduct_cat&post=3899"},{"taxonomy":"product_tag","embeddable":true,"href":"https:\/\/masgraffiti.fr\/index.php?rest_route=%2Fwp%2Fv2%2Fproduct_tag&post=3899"}],"curies":[{"name":"wp","href":"https:\/\/api.w.org\/{rel}","templated":true}]}}